{"id":2586,"date":"2024-02-06T21:36:32","date_gmt":"2024-02-06T20:36:32","guid":{"rendered":"https:\/\/livcolife.com\/politica-de-informacao-e-de-cookies\/"},"modified":"2024-03-18T09:24:52","modified_gmt":"2024-03-18T08:24:52","slug":"information-and-cookie-policy","status":"publish","type":"page","link":"https:\/\/livcolife.com\/en\/information-and-cookie-policy\/","title":{"rendered":"Information and Cookie Policy"},"content":{"rendered":"\t\t<div data-elementor-type=\"wp-page\" data-elementor-id=\"2586\" class=\"elementor elementor-2586 elementor-2583\" data-elementor-post-type=\"page\">\n\t\t\t\t\t\t<section class=\"elementor-section elementor-top-section elementor-element elementor-element-5509e591 elementor-section-boxed elementor-section-height-default elementor-section-height-default\" data-id=\"5509e591\" data-element_type=\"section\" data-e-type=\"section\">\n\t\t\t\t\t\t<div class=\"elementor-container elementor-column-gap-default\">\n\t\t\t\t\t<div class=\"elementor-column elementor-col-100 elementor-top-column elementor-element elementor-element-23f397b0\" data-id=\"23f397b0\" data-element_type=\"column\" data-e-type=\"column\">\n\t\t\t<div class=\"elementor-widget-wrap elementor-element-populated\">\n\t\t\t\t\t\t<div class=\"elementor-element elementor-element-483eae4 elementor-widget elementor-widget-tfposts-title\" data-id=\"483eae4\" data-element_type=\"widget\" data-e-type=\"widget\" data-widget_type=\"tfposts-title.default\">\n\t\t\t\t<div class=\"elementor-widget-container\">\n\t\t\t\t\t<div id=\"tf-post-title-483eae4\" class=\"tf-post-title\" data-tabid=\"483eae4\"> \r\n                <h1 class=\"post-title \">Information and Cookie Policy<\/h1>\r\n            <\/div>\t\t\t\t<\/div>\n\t\t\t\t<\/div>\n\t\t\t\t<div class=\"elementor-element elementor-element-4d9278e2 elementor-widget elementor-widget-text-editor\" data-id=\"4d9278e2\" data-element_type=\"widget\" data-e-type=\"widget\" data-widget_type=\"text-editor.default\">\n\t\t\t\t<div class=\"elementor-widget-container\">\n\t\t\t\t\t\t\t\t\t<h2>1. General Information<\/h2>\r\nBelow, the User is provided with general information about what cookies are and what types of cookies exist.\r\n<h3>What are cookies?<\/h3>\r\nCookies and other similar devices, such as pixels, web bugs, etc. are text or image files that are installed in the user&#8217;s browser when the user accesses an online service.\r\n\r\nCookies allow, among other things, to store and retrieve information about the user, the user&#8217;s browser, the user&#8217;s devices and the user&#8217;s activity on the service to which the user connects.\r\n<h3>What types of cookies are there?<\/h3>\r\nThere are many types of cookies. Below, we offer the user some classifications of them, without necessarily implying that this service uses all these types of cookies:\r\n\r\n<strong>According to the entity that manages the cookies:<\/strong>\r\n\r\nFirst-party cookies: these are those that are sent to the user&#8217;s device or terminal from the equipment or domain belonging to the owner of a service, and managed by the latter.\r\nThird-party cookies: these are those that are sent to the user&#8217;s device or terminal from a computer or domain that is not managed by the owner of a service, but by a third party that will process the information obtained through the cookies.\r\n\r\n<strong>Depending on how long they are kept:<\/strong>\r\n\r\nSession cookies: these are those that collect and store data when the user accesses a service and cease once the user leaves the service.\r\nPersistent Cookies: these are those that have a duration determined in time by the party responsible for the service. The conservation time can vary from a few minutes to several years. They are used to save and retrieve certain parameters each time the user visits a service.\r\n\r\n<strong>According to their purpose:<\/strong>\r\n\r\nTechnical cookies: these are those that are essential and strictly necessary for the correct functioning, use of the different options or services offered by those responsible for the same. For example, those that serve to maintain the session, manage response time, performance or validation of options, use security elements, etc.\r\nPersonalisation cookies: these are cookies that allow the user to specify or personalise some of the characteristics of a service. For example, defining the language, regional configuration or type of browser.\r\nAnalytical cookies: these are those that allow the number of unique visitors to be counted and an analysis of the use of a service to measure the interest in it or in certain areas of it. For example, an analytical cookie would be used to control the geographical areas from which a higher percentage of users connect, which product or service is most popular, etc.\r\nAdvertising cookies: are those that allow the management of advertising spaces in a service.\r\nBehavioural advertising cookies: these cookies enable the management of advertising spaces in a service. The function of these cookies is to store information on the behaviour of users of a service, in order to subsequently display personalised advertising.\r\n<h3>Other technologies:<\/h3>\r\nPixels, web bugs or trackers: also known as tracking pixels, tracking pixel, pixel tag or conversion pixels, web beacons or web beacons. They are tiny images of 1\u00d71 transparent pixels that are inserted into a service in order to measure activity. Once a certain page of the service is loaded in a browser, the image will load and this data can be measured. Tracking pixels generally make it possible to know the route taken by a given user IP in an online service.\r\n\r\nHTML5 storage: this consists of taking advantage of the capabilities of HTML5 technology to store certain parameters in the user&#8217;s browser that can be used to identify the user&#8217;s browser.\r\n\r\nLocal shared objects (LSO): also known as &#8220;flash cookies&#8221;, this consists of storing information without cookies on the user&#8217;s computer, taking advantage of Adobe Flash Player technology.\r\n\r\nEtags: this is a mechanism of the HTTP protocol that allows the validation of the cache that the user saves in their browser on a website. This technology is mainly used to save bandwidth, avoiding the downloading of duplicate content. However, it can also be used to recognise the user&#8217;s browser.\r\n\r\nCanvas fingerprinting: this consists of the generation of a unique shape in the user&#8217;s browser, taking advantage of the HTML5 web standard technology to identify the user&#8217;s computer.\r\n\r\nFont detection: this technique consists of identifying the font configuration of the user&#8217;s computer to obtain a unique identification of the computer.\r\n\r\nBrowser cache: as its name suggests, this technique consists of storing information in the browser cache.\r\n\r\nWebGL: this technique makes it possible to take advantage of the 3D rendering capabilities of modern browsers to obtain a unique identification of the device, due to the different configurations of each one.\r\n<h2>2. Specific Information<\/h2>\r\n<h3>Who is responsible for this service?<\/h3>\r\n&#8220;Valeo Management Europe Limited with registered address at 3rd Floor number 6, Cavendish Square, London, W1GOPD, England and Registered Number 09438966. Holder of the LIV Student trademark. Contact telephone Valeo Management Spain + 34 91 737 10 50 and Valeo Management Europe Limited + 44 843 508 2018.&#8221;\r\n\r\nWhat technologies do we use?\r\nThe Cookies used on this website are listed below, providing the following information:\r\n\r\nCookie Name: Identification of the Cookie used.\r\nPurpose: Purpose of the Cookie and intended uses.\r\nData collected: Information that it monitors, collects and\/or stores.\r\nTemporality: Indicate whether it is session (disappears at the end of the session), or persistent (in which case the length of time the Cookie remains).\r\nOwnership: Indicate whether the information collected by the Cookie will be used by the owner of the website and\/or by third parties. In the case of third parties, the identification data shall be provided.\r\n\r\nDESCRIPTION OF TECHNICAL AND NECESSARY COOKIES\r\nCOOKIE NAME: moove_gdpr_popup\r\nPURPOSE: Functional.\r\nINFORMATION COLLECTED: Cookie consent preferences. GDPR Cookie Cookie Compliance.\r\nTEMPORALITY: Session duration.\r\nOWNERSHIP: Own.\r\n\r\nCOOKIE NAME: wp-wpml_current_language\r\nPURPOSE: Functional.\r\nINFORMATION COLLECTED: Stores the current language. By default, this cookie is set only for registered users. WPML cookie.\r\nTEMPORALITY: 1 day.\r\nOWNERSHIP: Proprietary.\r\n\r\nCOOKIE NAME: wp-wpml_current_admin_language_*\r\nPURPOSE: Functional.\r\nINFORMATION GATHERED: Stores language preferences. WPML Cookie.\r\nTEMPORALITY: 1 day.\r\nOWNERSHIP: Proprietary.\r\n\r\nCOOKIE NAME: wp-settings-*\r\nPURPOSE: Functional.\r\nINFORMATION COLLECTED: Identifies the user with a number that matches the user&#8217;s number in the website&#8217;s user database. Used to customise the view of the administration interface, as well as the main interface of the site. WordPress cookie.\r\nTEMPORARY: 1 year.\r\nOWNERSHIP: Own.\r\n\r\nCOOKIE NAME: wp-settings-time-*\r\nPURPOSE: Functional.\r\nINFORMATION COLLECTED: Identifies the user with a number that matches the user&#8217;s number in the website&#8217;s user database. Used to customise the view of the administration interface, as well as the main interface of the site. WordPress cookie.\r\nTEMPORARY: 1 year.\r\nOWNERSHIP: Own.\r\n\r\nCOOKIE NAME: 383aeadb58\r\nPURPOSE: Functional.\r\nINFORMATION COLLECTED: Used to manage the registration of data in the forms on the website.\r\nTEMPORALITY: Duration of the session.\r\nOWNERSHIP: forms.zohopublic.com\r\n\r\nCOOKIE NAME: spbc_secfw_ip_wl\r\nPURPOSE: Technical.\r\nINFORMATION COLLECTED: CleanTalk introduces this cookie for spam, anti-spam and FireWall protection.\r\nTEMPORARY: 25 days\r\nOWNERSHIP: CleanTalk.\r\n\r\nDESCRIPTION OF ANALYTICS OR MEASUREMENT COOKIES\r\nCOOKIE NAME: _gat_gtag_UA_*_1\r\nPURPOSE: To store and track conversions.\r\nINFORMATION COLLECTED: Marketing \/ Tracking\r\nTEMPORALITY: 1 hour.\r\nOWNERSHIP: Google Tag Manager\r\nOTHER DATA OF INTEREST: This data is used to update the cookie policy, select services that set specific cookies or help create transparency.\r\n\r\nCOOKIE NAME: _ga_*\r\nPURPOSE: Analytics.\r\nINFORMATION COLLECTED: Anonymous statistics.\r\nTEMPORARY: 2 years.\r\nOWNERSHIP: Google Analytics.\r\nOTHER DATA OF INTEREST: Used to distinguish users.\r\n\r\nCOOKIE NAME: _gid\r\nPURPOSE: Analytics.\r\nINFORMATION COLLECTED: Anonymous statistics. Counting and tracking page views.\r\nTEMPORALITY: 24 hours.\r\nOWNERSHIP: Google Analytics.\r\nOTHER INFORMATION OF INTEREST: Used to distinguish users.\r\n\r\nCOOKIE NAME: _fbp\r\nPURPOSE: Marketing and tracking.\r\nINFORMATION COLLECTED: Stores and tracks visits to websites.\r\nTEMPORALITY: 3 months\r\nOWNERSHIP: Facebook.\r\n<h3>\r\nHow to disable or delete cookies?<\/h3>\r\nWhen accessing the service for the first time, the user will see a cookie notice informing them how they can give or refuse their consent.\r\n\r\nIf the user has given their consent, they may at any time disable or delete the aforementioned cookies by configuring the browser options used on their device or terminal.\r\n\r\nHowever, users should bear in mind that if they reject or delete cookies, we will not be able to maintain their preferences and some features will not be operative, so we will not be able to offer them personalised services and each time they use the service they will appear as a new user who will be asked for their authorisation to use cookies.\r\n\r\nBelow, we provide links where the user will find information on how to disable cookies and similar in the main browsers:\r\n\r\nCookie settings for Google Chrome\r\nCookie settings for Mozilla Firefox\r\nCookie settings for Internet Explorer\r\nCookie settings for Safari\r\n<h3>How does the use of cookies affect the protection of the user&#8217;s personal data?<\/h3>\r\nMost cookies collect anonymous information, which does not allow the user&#8217;s identity to be obtained, although some of the codes included are used to identify or individualise the browser of the device used, and personal data protection regulations may apply. Therefore, we inform you that the information obtained through cookies will be processed for the purposes indicated in this Cookies Policy. Likewise, this information will also be processed by those companies that provide cookies for the purposes indicated in their respective privacy policies.\r\n\r\nHowever, taking into account that these codes do not allow the identification of the User, the rights of access, rectification, deletion, opposition, limitation or portability recognised in the data protection regulations will not be applicable, unless the User is able to provide additional information that allows his or her identity to be linked to the identification codes of his or her cookies.\r\n\r\nIn the event that the User considers that his\/her right to data protection has been violated, he\/she may file a complaint with the Comiss\u00e3o Nacional de Prote\u00e7\u00e3o de Dados (<a href=\"http:\/\/www.cnpd.pt\" target=\"_blank\" rel=\"noopener\">www.cnpd.pt<\/a>).\r\n<h3>Further information<\/h3>\r\nThe user can ask any question related to the use of cookies that is not answered in this Cookies Policy by e-mail: <a href=\"mailto:protecciondedatos@livstudent.com\">protecciondedatos@livstudent.com<\/a>.\t\t\t\t\t\t\t\t<\/div>\n\t\t\t\t<\/div>\n\t\t\t\t\t<\/div>\n\t\t<\/div>\n\t\t\t\t\t<\/div>\n\t\t<\/section>\n\t\t\t\t<\/div>\n\t\t","protected":false},"excerpt":{"rendered":"<p>Information and Cookie Policy 1. General Information Below, the User is provided with general information about what cookies are and what types of cookies exist. What are cookies? Cookies and other similar devices, such as pixels, web bugs, etc. are text or image files that are installed in the user&#8217;s browser when the user accesses [&hellip;]<\/p>\n","protected":false},"author":1,"featured_media":0,"parent":0,"menu_order":0,"comment_status":"closed","ping_status":"closed","template":"","meta":{"footnotes":""},"class_list":["post-2586","page","type-page","status-publish","hentry"],"yoast_head":"<!-- This site is optimized with the Yoast SEO plugin v25.0 - https:\/\/yoast.com\/wordpress\/plugins\/seo\/ -->\n<title>Information and Cookie Policy - LIV Colife<\/title>\n<meta name=\"robots\" content=\"index, follow, max-snippet:-1, max-image-preview:large, max-video-preview:-1\" \/>\n<link rel=\"canonical\" href=\"https:\/\/livcolife.com\/en\/information-and-cookie-policy\/\" \/>\n<meta property=\"og:locale\" content=\"en_US\" \/>\n<meta property=\"og:type\" content=\"article\" \/>\n<meta property=\"og:title\" content=\"Information and Cookie Policy - LIV Colife\" \/>\n<meta property=\"og:description\" content=\"Information and Cookie Policy 1. General Information Below, the User is provided with general information about what cookies are and what types of cookies exist. What are cookies? Cookies and other similar devices, such as pixels, web bugs, etc. are text or image files that are installed in the user&#8217;s browser when the user accesses [&hellip;]\" \/>\n<meta property=\"og:url\" content=\"https:\/\/livcolife.com\/en\/information-and-cookie-policy\/\" \/>\n<meta property=\"og:site_name\" content=\"LIV Colife\" \/>\n<meta property=\"article:modified_time\" content=\"2024-03-18T08:24:52+00:00\" \/>\n<meta name=\"twitter:card\" content=\"summary_large_image\" \/>\n<meta name=\"twitter:label1\" content=\"Est. reading time\" \/>\n\t<meta name=\"twitter:data1\" content=\"7 minutes\" \/>\n<script type=\"application\/ld+json\" class=\"yoast-schema-graph\">{\"@context\":\"https:\/\/schema.org\",\"@graph\":[{\"@type\":\"WebPage\",\"@id\":\"https:\/\/livcolife.com\/en\/information-and-cookie-policy\/\",\"url\":\"https:\/\/livcolife.com\/en\/information-and-cookie-policy\/\",\"name\":\"Information and Cookie Policy - LIV Colife\",\"isPartOf\":{\"@id\":\"https:\/\/livcolife.com\/en\/#website\"},\"datePublished\":\"2024-02-06T20:36:32+00:00\",\"dateModified\":\"2024-03-18T08:24:52+00:00\",\"breadcrumb\":{\"@id\":\"https:\/\/livcolife.com\/en\/information-and-cookie-policy\/#breadcrumb\"},\"inLanguage\":\"en-US\",\"potentialAction\":[{\"@type\":\"ReadAction\",\"target\":[\"https:\/\/livcolife.com\/en\/information-and-cookie-policy\/\"]}]},{\"@type\":\"BreadcrumbList\",\"@id\":\"https:\/\/livcolife.com\/en\/information-and-cookie-policy\/#breadcrumb\",\"itemListElement\":[{\"@type\":\"ListItem\",\"position\":1,\"name\":\"Portada\",\"item\":\"https:\/\/livcolife.com\/en\/\"},{\"@type\":\"ListItem\",\"position\":2,\"name\":\"Information and Cookie Policy\"}]},{\"@type\":\"WebSite\",\"@id\":\"https:\/\/livcolife.com\/en\/#website\",\"url\":\"https:\/\/livcolife.com\/en\/\",\"name\":\"LIV Colife\",\"description\":\"\",\"publisher\":{\"@id\":\"https:\/\/livcolife.com\/en\/#organization\"},\"potentialAction\":[{\"@type\":\"SearchAction\",\"target\":{\"@type\":\"EntryPoint\",\"urlTemplate\":\"https:\/\/livcolife.com\/en\/?s={search_term_string}\"},\"query-input\":{\"@type\":\"PropertyValueSpecification\",\"valueRequired\":true,\"valueName\":\"search_term_string\"}}],\"inLanguage\":\"en-US\"},{\"@type\":\"Organization\",\"@id\":\"https:\/\/livcolife.com\/en\/#organization\",\"name\":\"LIV Colife\",\"url\":\"https:\/\/livcolife.com\/en\/\",\"logo\":{\"@type\":\"ImageObject\",\"inLanguage\":\"en-US\",\"@id\":\"https:\/\/livcolife.com\/en\/#\/schema\/logo\/image\/\",\"url\":\"https:\/\/livcolife.com\/wp-content\/uploads\/2022\/07\/LIV-CoLife-e1658916639767.jpg\",\"contentUrl\":\"https:\/\/livcolife.com\/wp-content\/uploads\/2022\/07\/LIV-CoLife-e1658916639767.jpg\",\"width\":119,\"height\":177,\"caption\":\"LIV Colife\"},\"image\":{\"@id\":\"https:\/\/livcolife.com\/en\/#\/schema\/logo\/image\/\"}}]}<\/script>\n<!-- \/ Yoast SEO plugin. -->","yoast_head_json":{"title":"Information and Cookie Policy - LIV Colife","robots":{"index":"index","follow":"follow","max-snippet":"max-snippet:-1","max-image-preview":"max-image-preview:large","max-video-preview":"max-video-preview:-1"},"canonical":"https:\/\/livcolife.com\/en\/information-and-cookie-policy\/","og_locale":"en_US","og_type":"article","og_title":"Information and Cookie Policy - LIV Colife","og_description":"Information and Cookie Policy 1. General Information Below, the User is provided with general information about what cookies are and what types of cookies exist. What are cookies? Cookies and other similar devices, such as pixels, web bugs, etc. are text or image files that are installed in the user&#8217;s browser when the user accesses [&hellip;]","og_url":"https:\/\/livcolife.com\/en\/information-and-cookie-policy\/","og_site_name":"LIV Colife","article_modified_time":"2024-03-18T08:24:52+00:00","twitter_card":"summary_large_image","twitter_misc":{"Est. reading time":"7 minutes"},"schema":{"@context":"https:\/\/schema.org","@graph":[{"@type":"WebPage","@id":"https:\/\/livcolife.com\/en\/information-and-cookie-policy\/","url":"https:\/\/livcolife.com\/en\/information-and-cookie-policy\/","name":"Information and Cookie Policy - LIV Colife","isPartOf":{"@id":"https:\/\/livcolife.com\/en\/#website"},"datePublished":"2024-02-06T20:36:32+00:00","dateModified":"2024-03-18T08:24:52+00:00","breadcrumb":{"@id":"https:\/\/livcolife.com\/en\/information-and-cookie-policy\/#breadcrumb"},"inLanguage":"en-US","potentialAction":[{"@type":"ReadAction","target":["https:\/\/livcolife.com\/en\/information-and-cookie-policy\/"]}]},{"@type":"BreadcrumbList","@id":"https:\/\/livcolife.com\/en\/information-and-cookie-policy\/#breadcrumb","itemListElement":[{"@type":"ListItem","position":1,"name":"Portada","item":"https:\/\/livcolife.com\/en\/"},{"@type":"ListItem","position":2,"name":"Information and Cookie Policy"}]},{"@type":"WebSite","@id":"https:\/\/livcolife.com\/en\/#website","url":"https:\/\/livcolife.com\/en\/","name":"LIV Colife","description":"","publisher":{"@id":"https:\/\/livcolife.com\/en\/#organization"},"potentialAction":[{"@type":"SearchAction","target":{"@type":"EntryPoint","urlTemplate":"https:\/\/livcolife.com\/en\/?s={search_term_string}"},"query-input":{"@type":"PropertyValueSpecification","valueRequired":true,"valueName":"search_term_string"}}],"inLanguage":"en-US"},{"@type":"Organization","@id":"https:\/\/livcolife.com\/en\/#organization","name":"LIV Colife","url":"https:\/\/livcolife.com\/en\/","logo":{"@type":"ImageObject","inLanguage":"en-US","@id":"https:\/\/livcolife.com\/en\/#\/schema\/logo\/image\/","url":"https:\/\/livcolife.com\/wp-content\/uploads\/2022\/07\/LIV-CoLife-e1658916639767.jpg","contentUrl":"https:\/\/livcolife.com\/wp-content\/uploads\/2022\/07\/LIV-CoLife-e1658916639767.jpg","width":119,"height":177,"caption":"LIV Colife"},"image":{"@id":"https:\/\/livcolife.com\/en\/#\/schema\/logo\/image\/"}}]}},"_links":{"self":[{"href":"https:\/\/livcolife.com\/en\/wp-json\/wp\/v2\/pages\/2586","targetHints":{"allow":["GET"]}}],"collection":[{"href":"https:\/\/livcolife.com\/en\/wp-json\/wp\/v2\/pages"}],"about":[{"href":"https:\/\/livcolife.com\/en\/wp-json\/wp\/v2\/types\/page"}],"author":[{"embeddable":true,"href":"https:\/\/livcolife.com\/en\/wp-json\/wp\/v2\/users\/1"}],"replies":[{"embeddable":true,"href":"https:\/\/livcolife.com\/en\/wp-json\/wp\/v2\/comments?post=2586"}],"version-history":[{"count":4,"href":"https:\/\/livcolife.com\/en\/wp-json\/wp\/v2\/pages\/2586\/revisions"}],"predecessor-version":[{"id":3430,"href":"https:\/\/livcolife.com\/en\/wp-json\/wp\/v2\/pages\/2586\/revisions\/3430"}],"wp:attachment":[{"href":"https:\/\/livcolife.com\/en\/wp-json\/wp\/v2\/media?parent=2586"}],"curies":[{"name":"wp","href":"https:\/\/api.w.org\/{rel}","templated":true}]}}